{"id":2,"date":"2019-12-19T13:02:45","date_gmt":"2019-12-19T13:02:45","guid":{"rendered":"https:\/\/decoratel-textilhospital.com\/es\/?page_id=2"},"modified":"2024-10-04T08:32:03","modified_gmt":"2024-10-04T06:32:03","slug":"inicio","status":"publish","type":"page","link":"https:\/\/decoratel-textilhospital.com\/es\/","title":{"rendered":"Inicio"},"content":{"rendered":"<p>[et_pb_section fb_built=\u00bb1&#8243; admin_label=\u00bbsection\u00bb _builder_version=\u00bb4.16&#8243; custom_padding=\u00bb30px||50px||false|false\u00bb global_colors_info=\u00bb{}\u00bb][et_pb_row disabled_on=\u00bbon|on|on\u00bb admin_label=\u00bbrow\u00bb _builder_version=\u00bb4.21.0&#8243; background_color=\u00bb#cc3300&#8243; background_image=\u00bbhttps:\/\/decoratel-textilhospital.com\/es\/wp-content\/uploads\/sites\/5\/2020\/03\/virus.png\u00bb background_size=\u00bbinitial\u00bb background_position=\u00bbtop_right\u00bb max_width=\u00bb1500px\u00bb custom_padding=\u00bb0px||0px||false|false\u00bb border_width_all=\u00bb6px\u00bb disabled=\u00bbon\u00bb global_colors_info=\u00bb{}\u00bb][et_pb_column type=\u00bb4_4&#8243; _builder_version=\u00bb4.16&#8243; custom_padding=\u00bb40px|25px|40px|25px|true|true\u00bb global_colors_info=\u00bb{}\u00bb custom_padding__hover=\u00bb|||\u00bb][et_pb_text admin_label=\u00bbPrecio y envio\u00bb _builder_version=\u00bb4.16&#8243; header_font=\u00bb|800||on|||||\u00bb header_text_align=\u00bbcenter\u00bb header_text_color=\u00bb#ffcc00&#8243; header_font_size=\u00bb36px\u00bb text_orientation=\u00bbjustified\u00bb custom_margin=\u00bb||20px||false|false\u00bb custom_padding=\u00bb0px||0px||false|false\u00bb header_font_size_tablet=\u00bb30px\u00bb header_font_size_phone=\u00bb24px\u00bb header_font_size_last_edited=\u00bbon|phone\u00bb global_colors_info=\u00bb{}\u00bb]<\/p>\n<h1>\u00a1Atenci\u00f3n!<\/br \/>Especial Coronavirus<\/h1>\n<p>[\/et_pb_text][et_pb_text _builder_version=\u00bb4.16&#8243; text_text_color=\u00bb#ffcc00&#8243; text_orientation=\u00bbcenter\u00bb background_layout=\u00bbdark\u00bb module_alignment=\u00bbcenter\u00bb global_colors_info=\u00bb{}\u00bb]<\/p>\n<p>Para ofrecer una mayor respuesta a la creciente y urgente demanda de nuestros productos, ante la pandemia sufrida por el COVID-19.<br \/>\nDecoratelESPA\u00d1A ha ampliado su capacidad industrial y personal, que le permite fabricar y enviar pedidos de hasta <span style=\"color: #fff; font-weight: 700;\">100 cortinas en 48 horas<\/span> a cualquier punto del pa\u00eds.<\/p>\n<p>[\/et_pb_text][\/et_pb_column][\/et_pb_row][et_pb_row admin_label=\u00bbrow\u00bb _builder_version=\u00bb4.16&#8243; background_size=\u00bbinitial\u00bb background_position=\u00bbtop_left\u00bb background_repeat=\u00bbrepeat\u00bb max_width=\u00bb1500px\u00bb custom_padding=\u00bb0px||0px||false|false\u00bb global_colors_info=\u00bb{}\u00bb][et_pb_column type=\u00bb4_4&#8243; _builder_version=\u00bb4.16&#8243; custom_padding=\u00bb40px|25px|40px|25px|true|true\u00bb global_colors_info=\u00bb{}\u00bb custom_padding__hover=\u00bb|||\u00bb][et_pb_text admin_label=\u00bbPrecio y envio\u00bb _builder_version=\u00bb4.16&#8243; header_font=\u00bb|600|||||||\u00bb header_text_align=\u00bbcenter\u00bb text_orientation=\u00bbjustified\u00bb custom_padding=\u00bb0px||0px||false|false\u00bb global_colors_info=\u00bb{}\u00bb]<\/p>\n<h1>Cortinas para hospitales<\/h1>\n<p>[\/et_pb_text][\/et_pb_column][\/et_pb_row][et_pb_row column_structure=\u00bb1_4,1_4,1_4,1_4&#8243; make_equal=\u00bbon\u00bb admin_label=\u00bbrow\u00bb _builder_version=\u00bb4.21.0&#8243; background_size=\u00bbinitial\u00bb background_position=\u00bbtop_left\u00bb background_repeat=\u00bbrepeat\u00bb max_width=\u00bb1500px\u00bb custom_padding=\u00bb5px||||false|false\u00bb global_colors_info=\u00bb{}\u00bb][et_pb_column type=\u00bb1_4&#8243; _builder_version=\u00bb4.16&#8243; custom_padding=\u00bb40px|25px|40px|25px|true|true\u00bb border_width_all=\u00bb2px\u00bb border_color_all=\u00bb#008080&#8243; global_colors_info=\u00bb{}\u00bb custom_padding__hover=\u00bb|||\u00bb][et_pb_text admin_label=\u00bbNombre\u00bb _builder_version=\u00bb4.16&#8243; text_orientation=\u00bbcenter\u00bb global_colors_info=\u00bb{}\u00bb]<strong>Mod. Acorde\u00f3n<\/strong><br \/>\nColor azul<br \/>Tejido TST desechable[\/et_pb_text][et_pb_image src=\u00bbhttps:\/\/decoratel-textilhospital.com\/es\/wp-content\/uploads\/sites\/5\/2019\/12\/acordeon-1.jpg\u00bb url=\u00bbhttps:\/\/decoratel-textilhospital.com\/es\/producto\/modelo-acordeon\/\u00bb _builder_version=\u00bb4.21.0&#8243; global_colors_info=\u00bb{}\u00bb][\/et_pb_image][et_pb_text admin_label=\u00bbPrecio y envio\u00bb _builder_version=\u00bb4.21.0&#8243; text_orientation=\u00bbcenter\u00bb global_colors_info=\u00bb{}\u00bb]<precio>89\u20ac<\/precio> env\u00edo gratis<br \/>\nEntrega 24 horas[\/et_pb_text][et_pb_button button_url=\u00bbhttps:\/\/decoratel-textilhospital.com\/es\/producto\/modelo-acordeon\/\u00bb button_text=\u00bbComprar\u00bb button_alignment=\u00bbcenter\u00bb _builder_version=\u00bb4.21.0&#8243; custom_button=\u00bbon\u00bb button_text_color=\u00bb#000000&#8243; button_bg_use_color_gradient=\u00bbon\u00bb button_bg_color_gradient_stops=\u00bb#ffca00 46%|#ff8c00 100%\u00bb button_bg_color_gradient_start=\u00bb#ffca00&#8243; button_bg_color_gradient_start_position=\u00bb46%\u00bb button_bg_color_gradient_end=\u00bb#ff8c00&#8243; button_border_width=\u00bb1px\u00bb button_border_color=\u00bb#f57b1f\u00bb button_border_radius=\u00bb10px\u00bb button_font=\u00bb|700|||||||\u00bb button_icon=\u00bb&#x24;||divi||400&#8243; button_icon_placement=\u00bbleft\u00bb global_colors_info=\u00bb{}\u00bb][\/et_pb_button][et_pb_image src=\u00bbhttps:\/\/decoratel-textilhospital.com\/es\/wp-content\/uploads\/sites\/5\/2019\/12\/logo-pagos.png\u00bb align=\u00bbcenter\u00bb admin_label=\u00bbLogos pago\u00bb _builder_version=\u00bb4.16&#8243; width=\u00bb65%\u00bb global_colors_info=\u00bb{}\u00bb][\/et_pb_image][\/et_pb_column][et_pb_column type=\u00bb1_4&#8243; _builder_version=\u00bb4.16&#8243; custom_padding=\u00bb40px|25px|40px|25px|true|true\u00bb border_width_all=\u00bb2px\u00bb border_color_all=\u00bb#008080&#8243; global_colors_info=\u00bb{}\u00bb custom_padding__hover=\u00bb|||\u00bb][et_pb_text admin_label=\u00bbNombre\u00bb _builder_version=\u00bb4.21.0&#8243; text_orientation=\u00bbcenter\u00bb global_colors_info=\u00bb{}\u00bb]<\/p>\n<p><strong>Mod. Est\u00e1ndar<\/strong><br \/>Colores blanco, beige o gris<br \/>Sin malla transpirable<\/p>\n<p>[\/et_pb_text][et_pb_image src=\u00bbhttps:\/\/decoratel-textilhospital.com\/es\/wp-content\/uploads\/sites\/5\/2019\/12\/deluxe-1.jpg\u00bb url=\u00bbhttps:\/\/decoratel-textilhospital.com\/es\/producto\/modelo-estandar\/\u00bb _builder_version=\u00bb4.21.0&#8243; global_colors_info=\u00bb{}\u00bb][\/et_pb_image][et_pb_text admin_label=\u00bbPrecio y envio\u00bb _builder_version=\u00bb4.21.0&#8243; text_orientation=\u00bbcenter\u00bb global_colors_info=\u00bb{}\u00bb]<precio>115\u20ac<\/precio> env\u00edo gratis<br \/>\nEntrega en 5\/10 d\u00edas[\/et_pb_text][et_pb_button button_url=\u00bbhttps:\/\/decoratel-textilhospital.com\/es\/producto\/modelo-estandar\/\u00bb button_text=\u00bbComprar\u00bb button_alignment=\u00bbcenter\u00bb _builder_version=\u00bb4.16&#8243; custom_button=\u00bbon\u00bb button_text_color=\u00bb#000000&#8243; button_bg_use_color_gradient=\u00bbon\u00bb button_bg_color_gradient_stops=\u00bb#ffca00 46%|#ff8c00 100%\u00bb button_bg_color_gradient_start=\u00bb#ffca00&#8243; button_bg_color_gradient_start_position=\u00bb46%\u00bb button_bg_color_gradient_end=\u00bb#ff8c00&#8243; button_border_width=\u00bb1px\u00bb button_border_color=\u00bb#f57b1f\u00bb button_border_radius=\u00bb10px\u00bb button_font=\u00bb|700|||||||\u00bb button_icon=\u00bb&#x24;||divi||400&#8243; button_icon_placement=\u00bbleft\u00bb global_colors_info=\u00bb{}\u00bb][\/et_pb_button][et_pb_image src=\u00bbhttps:\/\/decoratel-textilhospital.com\/es\/wp-content\/uploads\/sites\/5\/2019\/12\/logo-pagos.png\u00bb align=\u00bbcenter\u00bb admin_label=\u00bbLogos pago\u00bb _builder_version=\u00bb4.16&#8243; width=\u00bb65%\u00bb global_colors_info=\u00bb{}\u00bb][\/et_pb_image][\/et_pb_column][et_pb_column type=\u00bb1_4&#8243; _builder_version=\u00bb4.16&#8243; custom_padding=\u00bb40px|25px|40px|25px|true|true\u00bb border_width_all=\u00bb2px\u00bb border_color_all=\u00bb#008080&#8243; global_colors_info=\u00bb{}\u00bb custom_padding__hover=\u00bb|||\u00bb][et_pb_text admin_label=\u00bbNombre\u00bb _builder_version=\u00bb4.21.0&#8243; text_orientation=\u00bbcenter\u00bb global_colors_info=\u00bb{}\u00bb]<\/p>\n<p><strong>Mod. Deluxe<\/strong><br \/>Color blanco<br \/>Con malla transpirable<\/p>\n<p>[\/et_pb_text][et_pb_image src=\u00bbhttps:\/\/decoratel-textilhospital.com\/es\/wp-content\/uploads\/sites\/5\/2019\/12\/estandar-1.jpg\u00bb url=\u00bbhttps:\/\/decoratel-textilhospital.com\/es\/producto\/modelo-deluxe\/\u00bb _builder_version=\u00bb4.21.0&#8243; global_colors_info=\u00bb{}\u00bb][\/et_pb_image][et_pb_text admin_label=\u00bbPrecio y envio\u00bb _builder_version=\u00bb4.21.0&#8243; text_orientation=\u00bbcenter\u00bb hover_enabled=\u00bb0&#8243; global_colors_info=\u00bb{}\u00bb sticky_enabled=\u00bb0&#8243;]<\/p>\n<p><precio>149\u20ac<\/precio> env\u00edo gratis<br \/>Entrega 2\/3 d\u00edas<\/p>\n<p>[\/et_pb_text][et_pb_button button_url=\u00bbhttps:\/\/decoratel-textilhospital.com\/es\/producto\/modelo-deluxe\/\u00bb button_text=\u00bbComprar\u00bb button_alignment=\u00bbcenter\u00bb _builder_version=\u00bb4.16&#8243; custom_button=\u00bbon\u00bb button_text_color=\u00bb#000000&#8243; button_bg_use_color_gradient=\u00bbon\u00bb button_bg_color_gradient_stops=\u00bb#ffca00 46%|#ff8c00 100%\u00bb button_bg_color_gradient_start=\u00bb#ffca00&#8243; button_bg_color_gradient_start_position=\u00bb46%\u00bb button_bg_color_gradient_end=\u00bb#ff8c00&#8243; button_border_width=\u00bb1px\u00bb button_border_color=\u00bb#f57b1f\u00bb button_border_radius=\u00bb10px\u00bb button_font=\u00bb|700|||||||\u00bb button_icon=\u00bb&#x24;||divi||400&#8243; button_icon_placement=\u00bbleft\u00bb global_colors_info=\u00bb{}\u00bb][\/et_pb_button][et_pb_image src=\u00bbhttps:\/\/decoratel-textilhospital.com\/es\/wp-content\/uploads\/sites\/5\/2019\/12\/logo-pagos.png\u00bb align=\u00bbcenter\u00bb admin_label=\u00bbLogos pago\u00bb _builder_version=\u00bb4.16&#8243; width=\u00bb65%\u00bb global_colors_info=\u00bb{}\u00bb][\/et_pb_image][\/et_pb_column][et_pb_column type=\u00bb1_4&#8243; _builder_version=\u00bb4.21.0&#8243; custom_padding=\u00bb|0px|40px|0px|false|true\u00bb border_width_all=\u00bb2px\u00bb border_color_all=\u00bb#008080&#8243; global_colors_info=\u00bb{}\u00bb custom_padding__hover=\u00bb|||\u00bb][et_pb_text admin_label=\u00bbNombre\u00bb _builder_version=\u00bb4.21.0&#8243; text_text_color=\u00bb#FFFFFF\u00bb background_color=\u00bb#008080&#8243; text_orientation=\u00bbcenter\u00bb custom_margin=\u00bb||0px||false|false\u00bb custom_padding=\u00bb20px|0px|20px|0px|false|false\u00bb global_colors_info=\u00bb{}\u00bb]<\/p>\n<p><strong>Cortinas de ba\u00f1o<\/strong><\/p>\n<p>[\/et_pb_text][et_pb_image src=\u00bbhttps:\/\/decoratel-textilhospital.com\/es\/wp-content\/uploads\/sites\/5\/2024\/01\/cortinas-shower-decoratel.jpg\u00bb title_text=\u00bbcortinas-shower-decoratel\u00bb url=\u00bbhttps:\/\/decoratel-textilhospital.com\/es\/cortinas-bano\/\u00bb align=\u00bbcenter\u00bb _builder_version=\u00bb4.21.0&#8243; min_height=\u00bb375px\u00bb min_height_tablet=\u00bb350px\u00bb min_height_phone=\u00bb370px\u00bb min_height_last_edited=\u00bbon|phone\u00bb global_colors_info=\u00bb{}\u00bb][\/et_pb_image][et_pb_text admin_label=\u00bbPrecio y envio\u00bb _builder_version=\u00bb4.21.0&#8243; text_font=\u00bb|700||on|||||\u00bb text_font_size=\u00bb30px\u00bb text_orientation=\u00bbcenter\u00bb link_option_url=\u00bbhttps:\/\/decoratel-textilhospital.com\/es\/cortinas-bano\/\u00bb global_colors_info=\u00bb{}\u00bb]<\/p>\n<p>Cat\u00e1logo<\/p>\n<p>[\/et_pb_text][\/et_pb_column][\/et_pb_row][et_pb_row admin_label=\u00bbrow\u00bb _builder_version=\u00bb4.16&#8243; background_size=\u00bbinitial\u00bb background_position=\u00bbtop_left\u00bb background_repeat=\u00bbrepeat\u00bb max_width=\u00bb1500px\u00bb custom_padding=\u00bb10px||||false|false\u00bb global_colors_info=\u00bb{}\u00bb][et_pb_column type=\u00bb4_4&#8243; _builder_version=\u00bb4.16&#8243; custom_padding=\u00bb40px|25px|40px|25px|true|true\u00bb global_colors_info=\u00bb{}\u00bb custom_padding__hover=\u00bb|||\u00bb][et_pb_text admin_label=\u00bbPrecio y envio\u00bb _builder_version=\u00bb4.16&#8243; header_font=\u00bb|600|||||||\u00bb header_text_align=\u00bbcenter\u00bb header_2_font=\u00bb|600|||||||\u00bb header_2_text_align=\u00bbcenter\u00bb text_orientation=\u00bbjustified\u00bb custom_margin=\u00bb||30px|||\u00bb global_colors_info=\u00bb{}\u00bb]<\/p>\n<h2>Cortinas hospitalarias Curtatex<\/h2>\n<p>[\/et_pb_text][et_pb_text admin_label=\u00bbPrecio y envio\u00bb _builder_version=\u00bb4.16&#8243; text_orientation=\u00bbjustified\u00bb global_colors_info=\u00bb{}\u00bb]<\/p>\n<p>Las cortinas hospitalarias Curtatex, cumplen con todas las normativas de seguridad preventiva contra incendios, estando certificadas como ign\u00edfugas M1 y Clase1. Adem\u00e1s de cumplir con los requisitos de seguridad contra incendios, cumplen con las actuales normativas europeas de sanidad gracias a su fabricaci\u00f3n con fibras Bioactive, que le confieren caracter\u00edsticas antibacteriana, fungicida, desodorante y anti \u00e1caros. Todas nuestras cortinas Curtatex est\u00e1n homologadas seg\u00fan normas UNE e ISO 9001.<\/p>\n<p>El uso de las cortinas Curtatex, est\u00e1 restringido e indicado exclusivamente para el sector sanitario. Tales como hospitales, cl\u00ednicas y ambulatorios, adem\u00e1s de fisioterapia entre otros. Pudiendo ser usadas como separaci\u00f3n de camas de hospitales, quir\u00f3fanos, UCI, salas de observaci\u00f3n, salas de yeso y urgencias.<\/p>\n<p>[\/et_pb_text][\/et_pb_column][\/et_pb_row][\/et_pb_section]<\/p>\n","protected":false},"excerpt":{"rendered":"<p>\u00a1Atenci\u00f3n!Especial CoronavirusPara ofrecer una mayor respuesta a la creciente y urgente demanda de nuestros productos, ante la pandemia sufrida por el COVID-19. DecoratelESPA\u00d1A ha ampliado su capacidad industrial y personal, que le permite fabricar y enviar pedidos de hasta 100 cortinas en 48 horas a cualquier punto del pa\u00eds.Cortinas para hospitalesMod. Acorde\u00f3n Color azulTejido TST [&hellip;]<\/p>\n","protected":false},"author":2,"featured_media":0,"parent":0,"menu_order":0,"comment_status":"closed","ping_status":"open","template":"","meta":{"_et_pb_use_builder":"on","_et_pb_old_content":"<!-- wp:paragraph -->\r\n<p>This is an example page. It's different from a blog post because it will stay in one place and will show up in your site navigation (in most themes). Most people start with an About page that introduces them to potential site visitors. It might say something like this:<\/p>\r\n<!-- \/wp:paragraph -->\r\n\r\n<!-- wp:quote -->\r\n<blockquote class=\"wp-block-quote\"><p>Hi there! I'm a bike messenger by day, aspiring actor by night, and this is my website. I live in Los Angeles, have a great dog named Jack, and I like pi\u00f1a coladas. (And gettin' caught in the rain.)<\/p><\/blockquote>\r\n<!-- \/wp:quote -->\r\n\r\n<!-- wp:paragraph -->\r\n<p>...or something like this:<\/p>\r\n<!-- \/wp:paragraph -->\r\n\r\n<!-- wp:quote -->\r\n<blockquote class=\"wp-block-quote\"><p>The XYZ Doohickey Company was founded in 1971, and has been providing quality doohickeys to the public ever since. Located in Gotham City, XYZ employs over 2,000 people and does all kinds of awesome things for the Gotham community.<\/p><\/blockquote>\r\n<!-- \/wp:quote -->\r\n\r\n<!-- wp:paragraph -->\r\n<p>As a new WordPress user, you should go to <a href=\"https:\/\/decoratel-textilhospital.com\/es\/wp-admin\/\">your dashboard<\/a> to delete this page and create new pages for your content. Have fun!<\/p>\r\n<!-- \/wp:paragraph -->","_et_gb_content_width":"","_joinchat":[],"footnotes":""},"class_list":["post-2","page","type-page","status-publish","hentry"],"_links":{"self":[{"href":"https:\/\/decoratel-textilhospital.com\/es\/wp-json\/wp\/v2\/pages\/2","targetHints":{"allow":["GET"]}}],"collection":[{"href":"https:\/\/decoratel-textilhospital.com\/es\/wp-json\/wp\/v2\/pages"}],"about":[{"href":"https:\/\/decoratel-textilhospital.com\/es\/wp-json\/wp\/v2\/types\/page"}],"author":[{"embeddable":true,"href":"https:\/\/decoratel-textilhospital.com\/es\/wp-json\/wp\/v2\/users\/2"}],"replies":[{"embeddable":true,"href":"https:\/\/decoratel-textilhospital.com\/es\/wp-json\/wp\/v2\/comments?post=2"}],"version-history":[{"count":25,"href":"https:\/\/decoratel-textilhospital.com\/es\/wp-json\/wp\/v2\/pages\/2\/revisions"}],"predecessor-version":[{"id":523,"href":"https:\/\/decoratel-textilhospital.com\/es\/wp-json\/wp\/v2\/pages\/2\/revisions\/523"}],"wp:attachment":[{"href":"https:\/\/decoratel-textilhospital.com\/es\/wp-json\/wp\/v2\/media?parent=2"}],"curies":[{"name":"wp","href":"https:\/\/api.w.org\/{rel}","templated":true}]}}