{"id":25,"date":"2019-12-19T13:25:51","date_gmt":"2019-12-19T13:25:51","guid":{"rendered":"https:\/\/decoratel-textilhospital.com\/es\/?page_id=25"},"modified":"2020-02-17T14:34:55","modified_gmt":"2020-02-17T13:34:55","slug":"contacto","status":"publish","type":"page","link":"https:\/\/decoratel-textilhospital.com\/es\/contacto\/","title":{"rendered":"Contacto"},"content":{"rendered":"<p>[et_pb_section fb_built=\u00bb1&#8243; admin_label=\u00bbsection\u00bb _builder_version=\u00bb4.0.2&#8243; custom_padding=\u00bb30px||||false|false\u00bb][et_pb_row admin_label=\u00bbrow\u00bb _builder_version=\u00bb4.0.2&#8243; background_size=\u00bbinitial\u00bb background_position=\u00bbtop_left\u00bb background_repeat=\u00bbrepeat\u00bb max_width=\u00bb1500px\u00bb custom_padding=\u00bb0px||0px||false|false\u00bb][et_pb_column type=\u00bb4_4&#8243; _builder_version=\u00bb3.29.3&#8243; custom_padding=\u00bb40px|25px|40px|25px|true|true\u00bb custom_padding__hover=\u00bb|||\u00bb][et_pb_text admin_label=\u00bbPrecio y envio\u00bb _builder_version=\u00bb3.29.3&#8243; header_font=\u00bb|600|||||||\u00bb header_text_align=\u00bbcenter\u00bb text_orientation=\u00bbjustified\u00bb]<\/p>\n<h1>Contacto<\/h1>\n<p>[\/et_pb_text][\/et_pb_column][\/et_pb_row][et_pb_row column_structure=\u00bb1_2,1_2&#8243; admin_label=\u00bbrow\u00bb _builder_version=\u00bb4.0.2&#8243; background_size=\u00bbinitial\u00bb background_position=\u00bbtop_left\u00bb background_repeat=\u00bbrepeat\u00bb max_width=\u00bb1500px\u00bb custom_padding=\u00bb0px||0px||false|false\u00bb][et_pb_column type=\u00bb1_2&#8243; _builder_version=\u00bb3.29.3&#8243; custom_padding=\u00bb40px|25px|40px|25px|true|true\u00bb custom_padding__hover=\u00bb|||\u00bb][et_pb_contact_form email=\u00bbinfo@decoratel-textilhospital.com\u00bb title=\u00bbFormulario de contacto\u00bb custom_message=\u00bbHa recibido un nuevo mensaje desde el formulario de contacto de Decoratel Textil Hospital (decoratel-textilhospital.com)||et_pb_line_break_holder||||et_pb_line_break_holder||Nombre: %%name%%||et_pb_line_break_holder||Tel\u00e9fono: %%phone%%||et_pb_line_break_holder||Correo electr\u00f3nico: %%email%%||et_pb_line_break_holder||Mensaje: %%message%%\u00bb _builder_version=\u00bb4.0.9&#8243; title_font=\u00bb|600|||||||\u00bb custom_button=\u00bbon\u00bb button_bg_color=\u00bb#008080&#8243; hover_enabled=\u00bb0&#8243; title_text_align_last_edited=\u00bbon|phone\u00bb title_text_align_tablet=\u00bbcenter\u00bb][et_pb_contact_field field_id=\u00bbName\u00bb field_title=\u00bbNombre\u00bb _builder_version=\u00bb3.16&#8243; button_text_size__hover_enabled=\u00bboff\u00bb button_one_text_size__hover_enabled=\u00bboff\u00bb button_two_text_size__hover_enabled=\u00bboff\u00bb button_text_color__hover_enabled=\u00bboff\u00bb button_one_text_color__hover_enabled=\u00bboff\u00bb button_two_text_color__hover_enabled=\u00bboff\u00bb button_border_width__hover_enabled=\u00bboff\u00bb button_one_border_width__hover_enabled=\u00bboff\u00bb button_two_border_width__hover_enabled=\u00bboff\u00bb button_border_color__hover_enabled=\u00bboff\u00bb button_one_border_color__hover_enabled=\u00bboff\u00bb button_two_border_color__hover_enabled=\u00bboff\u00bb button_border_radius__hover_enabled=\u00bboff\u00bb button_one_border_radius__hover_enabled=\u00bboff\u00bb button_two_border_radius__hover_enabled=\u00bboff\u00bb button_letter_spacing__hover_enabled=\u00bboff\u00bb button_one_letter_spacing__hover_enabled=\u00bboff\u00bb button_two_letter_spacing__hover_enabled=\u00bboff\u00bb button_bg_color__hover_enabled=\u00bboff\u00bb button_one_bg_color__hover_enabled=\u00bboff\u00bb button_two_bg_color__hover_enabled=\u00bboff\u00bb][\/et_pb_contact_field][et_pb_contact_field field_id=\u00bbPhone\u00bb field_title=\u00bbTel\u00e9fono\u00bb _builder_version=\u00bb3.29.3&#8243; button_text_size__hover_enabled=\u00bboff\u00bb button_one_text_size__hover_enabled=\u00bboff\u00bb button_two_text_size__hover_enabled=\u00bboff\u00bb button_text_color__hover_enabled=\u00bboff\u00bb button_one_text_color__hover_enabled=\u00bboff\u00bb button_two_text_color__hover_enabled=\u00bboff\u00bb button_border_width__hover_enabled=\u00bboff\u00bb button_one_border_width__hover_enabled=\u00bboff\u00bb button_two_border_width__hover_enabled=\u00bboff\u00bb button_border_color__hover_enabled=\u00bboff\u00bb button_one_border_color__hover_enabled=\u00bboff\u00bb button_two_border_color__hover_enabled=\u00bboff\u00bb button_border_radius__hover_enabled=\u00bboff\u00bb button_one_border_radius__hover_enabled=\u00bboff\u00bb button_two_border_radius__hover_enabled=\u00bboff\u00bb button_letter_spacing__hover_enabled=\u00bboff\u00bb button_one_letter_spacing__hover_enabled=\u00bboff\u00bb button_two_letter_spacing__hover_enabled=\u00bboff\u00bb button_bg_color__hover_enabled=\u00bboff\u00bb button_one_bg_color__hover_enabled=\u00bboff\u00bb button_two_bg_color__hover_enabled=\u00bboff\u00bb][\/et_pb_contact_field][et_pb_contact_field field_id=\u00bbEmail\u00bb field_title=\u00bbDirecci\u00f3n de correo electr\u00f3nico\u00bb field_type=\u00bbemail\u00bb fullwidth_field=\u00bbon\u00bb _builder_version=\u00bb3.29.3&#8243; button_text_size__hover_enabled=\u00bboff\u00bb button_one_text_size__hover_enabled=\u00bboff\u00bb button_two_text_size__hover_enabled=\u00bboff\u00bb button_text_color__hover_enabled=\u00bboff\u00bb button_one_text_color__hover_enabled=\u00bboff\u00bb button_two_text_color__hover_enabled=\u00bboff\u00bb button_border_width__hover_enabled=\u00bboff\u00bb button_one_border_width__hover_enabled=\u00bboff\u00bb button_two_border_width__hover_enabled=\u00bboff\u00bb button_border_color__hover_enabled=\u00bboff\u00bb button_one_border_color__hover_enabled=\u00bboff\u00bb button_two_border_color__hover_enabled=\u00bboff\u00bb button_border_radius__hover_enabled=\u00bboff\u00bb button_one_border_radius__hover_enabled=\u00bboff\u00bb button_two_border_radius__hover_enabled=\u00bboff\u00bb button_letter_spacing__hover_enabled=\u00bboff\u00bb button_one_letter_spacing__hover_enabled=\u00bboff\u00bb button_two_letter_spacing__hover_enabled=\u00bboff\u00bb button_bg_color__hover_enabled=\u00bboff\u00bb button_one_bg_color__hover_enabled=\u00bboff\u00bb button_two_bg_color__hover_enabled=\u00bboff\u00bb][\/et_pb_contact_field][et_pb_contact_field field_id=\u00bbMessage\u00bb field_title=\u00bbMensaje\u00bb field_type=\u00bbtext\u00bb fullwidth_field=\u00bbon\u00bb _builder_version=\u00bb3.16&#8243; button_text_size__hover_enabled=\u00bboff\u00bb button_one_text_size__hover_enabled=\u00bboff\u00bb button_two_text_size__hover_enabled=\u00bboff\u00bb button_text_color__hover_enabled=\u00bboff\u00bb button_one_text_color__hover_enabled=\u00bboff\u00bb button_two_text_color__hover_enabled=\u00bboff\u00bb button_border_width__hover_enabled=\u00bboff\u00bb button_one_border_width__hover_enabled=\u00bboff\u00bb button_two_border_width__hover_enabled=\u00bboff\u00bb button_border_color__hover_enabled=\u00bboff\u00bb button_one_border_color__hover_enabled=\u00bboff\u00bb button_two_border_color__hover_enabled=\u00bboff\u00bb button_border_radius__hover_enabled=\u00bboff\u00bb button_one_border_radius__hover_enabled=\u00bboff\u00bb button_two_border_radius__hover_enabled=\u00bboff\u00bb button_letter_spacing__hover_enabled=\u00bboff\u00bb button_one_letter_spacing__hover_enabled=\u00bboff\u00bb button_two_letter_spacing__hover_enabled=\u00bboff\u00bb button_bg_color__hover_enabled=\u00bboff\u00bb button_one_bg_color__hover_enabled=\u00bboff\u00bb button_two_bg_color__hover_enabled=\u00bboff\u00bb][\/et_pb_contact_field][et_pb_contact_field field_id=\u00bbField_5&#8243; field_title=\u00bbPol\u00edtica de privacidad\u00bb field_type=\u00bbcheckbox\u00bb checkbox_options=\u00bb%91{%22value%22:%22He le\u00eddo y acepto la pol\u00edtica de privacidad y t\u00e9rminos de uso.%22,%22checked%22:0,%22dragID%22:-1}%93&#8243; fullwidth_field=\u00bbon\u00bb _builder_version=\u00bb4.0.9&#8243; form_field_text_color=\u00bb#666&#8243;][\/et_pb_contact_field][\/et_pb_contact_form][\/et_pb_column][et_pb_column type=\u00bb1_2&#8243; _builder_version=\u00bb3.29.3&#8243; custom_padding=\u00bb40px|25px|40px|25px|true|true\u00bb custom_padding__hover=\u00bb|||\u00bb][et_pb_text admin_label=\u00bbPrecio y envio\u00bb _builder_version=\u00bb4.0.9&#8243; header_font=\u00bb|600|||||||\u00bb header_text_align=\u00bbleft\u00bb header_font_size=\u00bb26px\u00bb hover_enabled=\u00bb0&#8243; header_text_align_last_edited=\u00bbon|phone\u00bb header_text_align_tablet=\u00bbcenter\u00bb]<\/p>\n<h1>Datos de contacto<\/h1>\n<p>[\/et_pb_text][et_pb_blurb title=\u00bbF\u00e1brica\u00bb use_icon=\u00bbon\u00bb font_icon=\u00bb%%264%%\u00bb use_circle=\u00bbon\u00bb circle_color=\u00bb#008080&#8243; icon_placement=\u00bbleft\u00bb content_max_width=\u00bb100%\u00bb _builder_version=\u00bb4.0.9&#8243; header_font=\u00bb|700|||||||\u00bb header_text_color=\u00bb#000000&#8243; body_text_color=\u00bb#666666&#8243; custom_margin=\u00bb||25px||false|false\u00bb animation=\u00bboff\u00bb]<strong>+34 902 050 480<\/strong><br \/>\n<a href=\"mailto:info@decoratel-textilhospital.com\">info@decoratel-textilhospital.com<\/a>[\/et_pb_blurb][et_pb_blurb title=\u00bbDelegaci\u00f3n Madrid\u00bb use_icon=\u00bbon\u00bb font_icon=\u00bb%%264%%\u00bb use_circle=\u00bbon\u00bb circle_color=\u00bb#008080&#8243; icon_placement=\u00bbleft\u00bb content_max_width=\u00bb100%\u00bb _builder_version=\u00bb4.0.9&#8243; header_font=\u00bb|700|||||||\u00bb header_text_color=\u00bb#000000&#8243; body_text_color=\u00bb#666666&#8243; custom_margin=\u00bb||25px||false|false\u00bb animation=\u00bboff\u00bb]<\/p>\n<p><strong>+34 91 218 61 28<\/strong><br \/>Fax: +34 91 218 61 29<\/p>\n<p>[\/et_pb_blurb][et_pb_blurb title=\u00bbDelegaci\u00f3n Andaluc\u00eda\u00bb use_icon=\u00bbon\u00bb font_icon=\u00bb%%264%%\u00bb use_circle=\u00bbon\u00bb circle_color=\u00bb#008080&#8243; icon_placement=\u00bbleft\u00bb content_max_width=\u00bb100%\u00bb _builder_version=\u00bb4.0.9&#8243; header_font=\u00bb|700|||||||\u00bb header_text_color=\u00bb#000000&#8243; body_text_color=\u00bb#666666&#8243; custom_margin=\u00bb||25px||false|false\u00bb animation=\u00bboff\u00bb]<\/p>\n<p><strong>+34 955 664 967<\/strong><br \/>Fax: +34 955 333 659<\/p>\n<p>[\/et_pb_blurb][et_pb_blurb title=\u00bbDelegaci\u00f3n Barcelona\u00bb use_icon=\u00bbon\u00bb font_icon=\u00bb%%264%%\u00bb use_circle=\u00bbon\u00bb circle_color=\u00bb#008080&#8243; icon_placement=\u00bbleft\u00bb content_max_width=\u00bb100%\u00bb _builder_version=\u00bb4.0.9&#8243; header_font=\u00bb|700|||||||\u00bb header_text_color=\u00bb#000000&#8243; body_text_color=\u00bb#666666&#8243; custom_margin=\u00bb||25px||false|false\u00bb animation=\u00bboff\u00bb]<\/p>\n<p><strong>+34 932 99 09 74<\/strong><br \/>Fax: +34 932 99 09 74<\/p>\n<p>[\/et_pb_blurb][et_pb_blurb title=\u00bbSkype\u00bb use_icon=\u00bbon\u00bb font_icon=\u00bb%%306%%\u00bb use_circle=\u00bbon\u00bb circle_color=\u00bb#008080&#8243; icon_placement=\u00bbleft\u00bb content_max_width=\u00bb100%\u00bb _builder_version=\u00bb4.0.2&#8243; header_font=\u00bb|700|||||||\u00bb header_text_color=\u00bb#000000&#8243; body_text_color=\u00bb#666666&#8243; custom_margin=\u00bb||25px||false|false\u00bb animation=\u00bboff\u00bb]<\/p>\n<p>DecoratelESPA\u00d1A<\/p>\n<p>[\/et_pb_blurb][et_pb_blurb title=\u00bbWhatsapp\u00bb use_icon=\u00bbon\u00bb font_icon=\u00bb%%221%%\u00bb use_circle=\u00bbon\u00bb circle_color=\u00bb#008080&#8243; icon_placement=\u00bbleft\u00bb content_max_width=\u00bb100%\u00bb _builder_version=\u00bb4.0.9&#8243; header_font=\u00bb|700|||||||\u00bb header_text_color=\u00bb#000000&#8243; body_text_color=\u00bb#666666&#8243; animation=\u00bboff\u00bb]<\/p>\n<p>+34 644 881 154<\/p>\n<p>[\/et_pb_blurb][\/et_pb_column][\/et_pb_row][\/et_pb_section]<\/p>\n","protected":false},"excerpt":{"rendered":"<p>ContactoDatos de contacto+34 902 050 480 info@decoratel-textilhospital.com+34 91 218 61 28Fax: +34 91 218 61 29+34 955 664 967Fax: +34 955 333 659+34 932 99 09 74Fax: +34 932 99 09 74DecoratelESPA\u00d1A+34 644 881 154<\/p>\n","protected":false},"author":2,"featured_media":0,"parent":0,"menu_order":0,"comment_status":"closed","ping_status":"closed","template":"","meta":{"_et_pb_use_builder":"on","_et_pb_old_content":"","_et_gb_content_width":"","_joinchat":[],"footnotes":""},"class_list":["post-25","page","type-page","status-publish","hentry"],"_links":{"self":[{"href":"https:\/\/decoratel-textilhospital.com\/es\/wp-json\/wp\/v2\/pages\/25","targetHints":{"allow":["GET"]}}],"collection":[{"href":"https:\/\/decoratel-textilhospital.com\/es\/wp-json\/wp\/v2\/pages"}],"about":[{"href":"https:\/\/decoratel-textilhospital.com\/es\/wp-json\/wp\/v2\/types\/page"}],"author":[{"embeddable":true,"href":"https:\/\/decoratel-textilhospital.com\/es\/wp-json\/wp\/v2\/users\/2"}],"replies":[{"embeddable":true,"href":"https:\/\/decoratel-textilhospital.com\/es\/wp-json\/wp\/v2\/comments?post=25"}],"version-history":[{"count":3,"href":"https:\/\/decoratel-textilhospital.com\/es\/wp-json\/wp\/v2\/pages\/25\/revisions"}],"predecessor-version":[{"id":251,"href":"https:\/\/decoratel-textilhospital.com\/es\/wp-json\/wp\/v2\/pages\/25\/revisions\/251"}],"wp:attachment":[{"href":"https:\/\/decoratel-textilhospital.com\/es\/wp-json\/wp\/v2\/media?parent=25"}],"curies":[{"name":"wp","href":"https:\/\/api.w.org\/{rel}","templated":true}]}}