{"id":27,"date":"2019-12-19T13:27:43","date_gmt":"2019-12-19T13:27:43","guid":{"rendered":"https:\/\/decoratel-textilhospital.com\/es\/?page_id=27"},"modified":"2020-02-17T11:26:12","modified_gmt":"2020-02-17T10:26:12","slug":"quienes-somos","status":"publish","type":"page","link":"https:\/\/decoratel-textilhospital.com\/es\/quienes-somos\/","title":{"rendered":"Qui\u00e9nes somos"},"content":{"rendered":"<p>[et_pb_section fb_built=\u00bb1&#8243; admin_label=\u00bbsection\u00bb _builder_version=\u00bb3.22&#8243;][et_pb_row admin_label=\u00bbrow\u00bb _builder_version=\u00bb3.29.3&#8243; background_size=\u00bbinitial\u00bb background_position=\u00bbtop_left\u00bb background_repeat=\u00bbrepeat\u00bb max_width=\u00bb1500px\u00bb][et_pb_column type=\u00bb4_4&#8243; _builder_version=\u00bb3.29.3&#8243; custom_padding=\u00bb40px|25px|40px|25px|true|true\u00bb custom_padding__hover=\u00bb|||\u00bb][et_pb_text admin_label=\u00bbPrecio y envio\u00bb _builder_version=\u00bb4.0.9&#8243; header_font=\u00bb|600|||||||\u00bb header_text_align=\u00bbcenter\u00bb text_orientation=\u00bbjustified\u00bb hover_enabled=\u00bb0&#8243; header_font_size_last_edited=\u00bbon|phone\u00bb header_font_size_tablet=\u00bb28px\u00bb header_font_size_phone=\u00bb26px\u00bb]<\/p>\n<h1>DecoratelESPA\u00d1A es el principal fabricante de cortinas ignifugas para hospitales<\/h1>\n<p>[\/et_pb_text][et_pb_text admin_label=\u00bbPrecio y envio\u00bb _builder_version=\u00bb3.29.3&#8243; text_orientation=\u00bbjustified\u00bb]<\/p>\n<p>Desde 1.974 Decoratel se sit\u00faa a la cabeza del sector como l\u00edder indiscutible en la fabricaci\u00f3n en serie de cortinas hospitalarias.<\/p>\n<p>Innovando y desarrollando los tejidos desde la propia materia prima, en su f\u00e1brica ubicada en Ciempozuelos, y distribuidas desde sus almacenes log\u00edsticos de Sevilla, Madrid y Barcelona.<\/p>\n<p>Las cortinas de Decoratel cuentan con todos los certificados de calidad y garant\u00eda para el cumplimiento de las distintas normativas nacionales y Europeas, tanto en materia de sanidad, como aquellas de protecci\u00f3n contra incendios. Normas UNE EN ISO 9001.<\/p>\n<p>Adem\u00e1s de la l\u00ednea est\u00e1ndar, Decoratel fabrica cortinas \u00fanicas y exclusivas para cada cliente, tanto en texturas, calidades, colores y medidas adapt\u00e1ndose as\u00ed a cada nuevo proyecto e imagen corporativa de cada centro.<\/p>\n<p>Ya sea en el sector p\u00fablico como privado, Decoratel es la marca de referencia en m\u00e1s del 90% del territorio nacional. Y desde la incorporaci\u00f3n en 2.004 del nuevo centro log\u00edstico en Reino Unido, como lanzadera al resto de pa\u00edses de la UE, cada vez con mayor cota de mercado no s\u00f3lo en Europa, si no en Centroam\u00e9rica, Sudam\u00e9rica y Emiratos \u00c1rabes Unidos, representando sus exportaciones a fecha de hoy, casi el 70 % de su producci\u00f3n.<\/p>\n<p>Algunos de los clientes m\u00e1s representativos de Decoratel.<\/p>\n<p>[\/et_pb_text][\/et_pb_column][\/et_pb_row][et_pb_row column_structure=\u00bb1_3,1_3,1_3&#8243; _builder_version=\u00bb3.29.3&#8243;][et_pb_column type=\u00bb1_3&#8243; _builder_version=\u00bb3.29.3&#8243;][et_pb_image src=\u00bbhttps:\/\/decoratel-textilhospital.com\/es\/wp-content\/uploads\/sites\/5\/2019\/12\/ruber.jpg\u00bb _builder_version=\u00bb3.29.3&#8243;][\/et_pb_image][\/et_pb_column][et_pb_column type=\u00bb1_3&#8243; _builder_version=\u00bb3.29.3&#8243;][et_pb_image src=\u00bbhttps:\/\/decoratel-textilhospital.com\/es\/wp-content\/uploads\/sites\/5\/2019\/12\/usp.jpg\u00bb _builder_version=\u00bb3.29.3&#8243;][\/et_pb_image][\/et_pb_column][et_pb_column type=\u00bb1_3&#8243; _builder_version=\u00bb3.29.3&#8243;][et_pb_image src=\u00bbhttps:\/\/decoratel-textilhospital.com\/es\/wp-content\/uploads\/sites\/5\/2019\/12\/quiron-grupo-hospitalario.jpg\u00bb _builder_version=\u00bb3.29.3&#8243;][\/et_pb_image][\/et_pb_column][\/et_pb_row][et_pb_row column_structure=\u00bb1_3,1_3,1_3&#8243; _builder_version=\u00bb3.29.3&#8243;][et_pb_column type=\u00bb1_3&#8243; _builder_version=\u00bb3.29.3&#8243;][et_pb_image src=\u00bbhttps:\/\/decoratel-textilhospital.com\/es\/wp-content\/uploads\/sites\/5\/2019\/12\/asisa.jpg\u00bb _builder_version=\u00bb3.29.3&#8243;][\/et_pb_image][\/et_pb_column][et_pb_column type=\u00bb1_3&#8243; _builder_version=\u00bb3.29.3&#8243;][et_pb_image src=\u00bbhttps:\/\/decoratel-textilhospital.com\/es\/wp-content\/uploads\/sites\/5\/2019\/12\/sas.jpg\u00bb _builder_version=\u00bb3.29.3&#8243;][\/et_pb_image][\/et_pb_column][et_pb_column type=\u00bb1_3&#8243; _builder_version=\u00bb3.29.3&#8243;][et_pb_image src=\u00bbhttps:\/\/decoratel-textilhospital.com\/es\/wp-content\/uploads\/sites\/5\/2019\/12\/hospital-reina-sofia.jpg\u00bb _builder_version=\u00bb3.29.3&#8243;][\/et_pb_image][\/et_pb_column][\/et_pb_row][et_pb_row column_structure=\u00bb1_3,1_3,1_3&#8243; _builder_version=\u00bb3.29.3&#8243;][et_pb_column type=\u00bb1_3&#8243; _builder_version=\u00bb3.29.3&#8243;][et_pb_image src=\u00bbhttps:\/\/decoratel-textilhospital.com\/es\/wp-content\/uploads\/sites\/5\/2019\/12\/salud-madrid.jpg\u00bb _builder_version=\u00bb3.29.3&#8243;][\/et_pb_image][\/et_pb_column][et_pb_column type=\u00bb1_3&#8243; _builder_version=\u00bb3.29.3&#8243;][et_pb_image src=\u00bbhttps:\/\/decoratel-textilhospital.com\/es\/wp-content\/uploads\/sites\/5\/2019\/12\/cat-salut.jpg\u00bb _builder_version=\u00bb3.29.3&#8243;][\/et_pb_image][\/et_pb_column][et_pb_column type=\u00bb1_3&#8243; _builder_version=\u00bb3.29.3&#8243;][et_pb_image src=\u00bbhttps:\/\/decoratel-textilhospital.com\/es\/wp-content\/uploads\/sites\/5\/2019\/12\/canaria-salud.jpg\u00bb _builder_version=\u00bb3.29.3&#8243;][\/et_pb_image][\/et_pb_column][\/et_pb_row][et_pb_row column_structure=\u00bb1_3,1_3,1_3&#8243; _builder_version=\u00bb3.29.3&#8243;][et_pb_column type=\u00bb1_3&#8243; _builder_version=\u00bb3.29.3&#8243;][et_pb_image src=\u00bbhttps:\/\/decoratel-textilhospital.com\/es\/wp-content\/uploads\/sites\/5\/2019\/12\/serivico-aragon.jpg\u00bb _builder_version=\u00bb3.29.3&#8243;][\/et_pb_image][\/et_pb_column][et_pb_column type=\u00bb1_3&#8243; _builder_version=\u00bb3.29.3&#8243;][et_pb_image src=\u00bbhttps:\/\/decoratel-textilhospital.com\/es\/wp-content\/uploads\/sites\/5\/2019\/12\/agencia-valenciana-salud.jpg\u00bb _builder_version=\u00bb3.29.3&#8243;][\/et_pb_image][\/et_pb_column][et_pb_column type=\u00bb1_3&#8243; _builder_version=\u00bb3.29.3&#8243;][et_pb_image src=\u00bbhttps:\/\/decoratel-textilhospital.com\/es\/wp-content\/uploads\/sites\/5\/2019\/12\/ses.jpg\u00bb _builder_version=\u00bb3.29.3&#8243;][\/et_pb_image][\/et_pb_column][\/et_pb_row][et_pb_row column_structure=\u00bb1_3,1_3,1_3&#8243; _builder_version=\u00bb3.29.3&#8243;][et_pb_column type=\u00bb1_3&#8243; _builder_version=\u00bb3.29.3&#8243;][et_pb_image src=\u00bbhttps:\/\/decoratel-textilhospital.com\/es\/wp-content\/uploads\/sites\/5\/2019\/12\/sergas.jpg\u00bb _builder_version=\u00bb3.29.3&#8243;][\/et_pb_image][\/et_pb_column][et_pb_column type=\u00bb1_3&#8243; _builder_version=\u00bb3.29.3&#8243;][\/et_pb_column][et_pb_column type=\u00bb1_3&#8243; _builder_version=\u00bb3.29.3&#8243;][\/et_pb_column][\/et_pb_row][\/et_pb_section]<\/p>\n","protected":false},"excerpt":{"rendered":"<p>DecoratelESPA\u00d1A es el principal fabricante de cortinas ignifugas para hospitalesDesde 1.974 Decoratel se sit\u00faa a la cabeza del sector como l\u00edder indiscutible en la fabricaci\u00f3n en serie de cortinas hospitalarias. Innovando y desarrollando los tejidos desde la propia materia prima, en su f\u00e1brica ubicada en Ciempozuelos, y distribuidas desde sus almacenes log\u00edsticos de Sevilla, Madrid [&hellip;]<\/p>\n","protected":false},"author":2,"featured_media":0,"parent":0,"menu_order":0,"comment_status":"closed","ping_status":"closed","template":"","meta":{"_et_pb_use_builder":"on","_et_pb_old_content":"","_et_gb_content_width":"","_joinchat":[],"footnotes":""},"class_list":["post-27","page","type-page","status-publish","hentry"],"_links":{"self":[{"href":"https:\/\/decoratel-textilhospital.com\/es\/wp-json\/wp\/v2\/pages\/27","targetHints":{"allow":["GET"]}}],"collection":[{"href":"https:\/\/decoratel-textilhospital.com\/es\/wp-json\/wp\/v2\/pages"}],"about":[{"href":"https:\/\/decoratel-textilhospital.com\/es\/wp-json\/wp\/v2\/types\/page"}],"author":[{"embeddable":true,"href":"https:\/\/decoratel-textilhospital.com\/es\/wp-json\/wp\/v2\/users\/2"}],"replies":[{"embeddable":true,"href":"https:\/\/decoratel-textilhospital.com\/es\/wp-json\/wp\/v2\/comments?post=27"}],"version-history":[{"count":2,"href":"https:\/\/decoratel-textilhospital.com\/es\/wp-json\/wp\/v2\/pages\/27\/revisions"}],"predecessor-version":[{"id":250,"href":"https:\/\/decoratel-textilhospital.com\/es\/wp-json\/wp\/v2\/pages\/27\/revisions\/250"}],"wp:attachment":[{"href":"https:\/\/decoratel-textilhospital.com\/es\/wp-json\/wp\/v2\/media?parent=27"}],"curies":[{"name":"wp","href":"https:\/\/api.w.org\/{rel}","templated":true}]}}