{"id":4,"date":"2019-12-19T13:03:37","date_gmt":"2019-12-19T13:03:37","guid":{"rendered":"https:\/\/decoratel-textilhospital.com\/es\/tienda\/"},"modified":"2024-10-04T08:32:21","modified_gmt":"2024-10-04T06:32:21","slug":"tienda","status":"publish","type":"page","link":"https:\/\/decoratel-textilhospital.com\/es\/tienda\/","title":{"rendered":"Tienda"},"content":{"rendered":"<p>[et_pb_section fb_built=\u00bb1&#8243; admin_label=\u00bbsection\u00bb _builder_version=\u00bb4.16&#8243; custom_padding=\u00bb30px||50px||false|false\u00bb global_colors_info=\u00bb{}\u00bb][et_pb_row admin_label=\u00bbrow\u00bb _builder_version=\u00bb4.16&#8243; background_size=\u00bbinitial\u00bb background_position=\u00bbtop_left\u00bb background_repeat=\u00bbrepeat\u00bb max_width=\u00bb1500px\u00bb custom_padding=\u00bb0px||0px||false|false\u00bb global_colors_info=\u00bb{}\u00bb][et_pb_column type=\u00bb4_4&#8243; _builder_version=\u00bb4.16&#8243; custom_padding=\u00bb40px|25px|40px|25px|true|true\u00bb global_colors_info=\u00bb{}\u00bb custom_padding__hover=\u00bb|||\u00bb][et_pb_text admin_label=\u00bbPrecio y envio\u00bb _builder_version=\u00bb4.16&#8243; header_font=\u00bb|600|||||||\u00bb header_text_align=\u00bbcenter\u00bb text_orientation=\u00bbjustified\u00bb custom_padding=\u00bb0px||0px||false|false\u00bb global_colors_info=\u00bb{}\u00bb]<\/p>\n<h1>Cortinas para hospitales<\/h1>\n<p>[\/et_pb_text][\/et_pb_column][\/et_pb_row][et_pb_row column_structure=\u00bb1_4,1_4,1_4,1_4&#8243; make_equal=\u00bbon\u00bb admin_label=\u00bbrow\u00bb _builder_version=\u00bb4.21.0&#8243; background_size=\u00bbinitial\u00bb background_position=\u00bbtop_left\u00bb background_repeat=\u00bbrepeat\u00bb max_width=\u00bb1500px\u00bb custom_padding=\u00bb5px||||false|false\u00bb global_colors_info=\u00bb{}\u00bb][et_pb_column type=\u00bb1_4&#8243; _builder_version=\u00bb4.16&#8243; custom_padding=\u00bb40px|25px|40px|25px|true|true\u00bb border_width_all=\u00bb2px\u00bb border_color_all=\u00bb#008080&#8243; global_colors_info=\u00bb{}\u00bb custom_padding__hover=\u00bb|||\u00bb][et_pb_text admin_label=\u00bbNombre\u00bb _builder_version=\u00bb4.21.0&#8243; text_orientation=\u00bbcenter\u00bb custom_margin=\u00bb||5px||false|false\u00bb global_colors_info=\u00bb{}\u00bb]<\/p>\n<p><strong>Mod. Acorde\u00f3n<\/strong><\/p>\n<p>[\/et_pb_text][et_pb_text admin_label=\u00bbNombre\u00bb _builder_version=\u00bb4.21.0&#8243; text_orientation=\u00bbcenter\u00bb custom_margin=\u00bb||5px||false|false\u00bb global_colors_info=\u00bb{}\u00bb]<\/p>\n<p>Color azul<\/p>\n<p>[\/et_pb_text][et_pb_text admin_label=\u00bbNombre\u00bb _builder_version=\u00bb4.16&#8243; text_orientation=\u00bbcenter\u00bb global_colors_info=\u00bb{}\u00bb]<\/p>\n<p>Tejido TST desechable<\/p>\n<p>[\/et_pb_text][et_pb_image src=\u00bbhttps:\/\/decoratel-textilhospital.com\/es\/wp-content\/uploads\/sites\/5\/2019\/12\/acordeon-1.jpg\u00bb url=\u00bbhttps:\/\/decoratel-textilhospital.com\/es\/producto\/modelo-acordeon\/\u00bb _builder_version=\u00bb4.21.0&#8243; global_colors_info=\u00bb{}\u00bb][\/et_pb_image][et_pb_text admin_label=\u00bbPrecio y envio\u00bb _builder_version=\u00bb4.16&#8243; text_orientation=\u00bbcenter\u00bb global_colors_info=\u00bb{}\u00bb]<precio>89\u20ac<\/precio> env\u00edo gratis<br \/>\nEntrega 2\/3 d\u00edas[\/et_pb_text][et_pb_button button_url=\u00bbhttps:\/\/decoratel-textilhospital.com\/es\/producto\/modelo-acordeon\/\u00bb button_text=\u00bbComprar\u00bb button_alignment=\u00bbcenter\u00bb _builder_version=\u00bb4.21.0&#8243; custom_button=\u00bbon\u00bb button_text_color=\u00bb#000000&#8243; button_bg_use_color_gradient=\u00bbon\u00bb button_bg_color_gradient_stops=\u00bb#ffca00 46%|#ff8c00 100%\u00bb button_bg_color_gradient_start=\u00bb#ffca00&#8243; button_bg_color_gradient_start_position=\u00bb46%\u00bb button_bg_color_gradient_end=\u00bb#ff8c00&#8243; button_border_width=\u00bb1px\u00bb button_border_color=\u00bb#f57b1f\u00bb button_border_radius=\u00bb10px\u00bb button_font=\u00bb|700|||||||\u00bb button_icon=\u00bb&#x24;||divi||400&#8243; button_icon_placement=\u00bbleft\u00bb global_colors_info=\u00bb{}\u00bb][\/et_pb_button][et_pb_image src=\u00bbhttps:\/\/decoratel-textilhospital.com\/es\/wp-content\/uploads\/sites\/5\/2019\/12\/logo-pagos.png\u00bb align=\u00bbcenter\u00bb admin_label=\u00bbLogos pago\u00bb _builder_version=\u00bb4.16&#8243; width=\u00bb65%\u00bb global_colors_info=\u00bb{}\u00bb][\/et_pb_image][\/et_pb_column][et_pb_column type=\u00bb1_4&#8243; _builder_version=\u00bb4.16&#8243; custom_padding=\u00bb40px|25px|40px|25px|true|true\u00bb border_width_all=\u00bb2px\u00bb border_color_all=\u00bb#008080&#8243; global_colors_info=\u00bb{}\u00bb custom_padding__hover=\u00bb|||\u00bb][et_pb_text admin_label=\u00bbNombre\u00bb _builder_version=\u00bb4.21.0&#8243; text_orientation=\u00bbcenter\u00bb custom_margin=\u00bb||5px||false|false\u00bb global_colors_info=\u00bb{}\u00bb]<\/p>\n<p><strong>Mod. Est\u00e1ndar<\/strong><\/p>\n<p>[\/et_pb_text][et_pb_text admin_label=\u00bbNombre\u00bb _builder_version=\u00bb4.21.0&#8243; text_orientation=\u00bbcenter\u00bb custom_margin=\u00bb||5px||false|false\u00bb global_colors_info=\u00bb{}\u00bb]<\/p>\n<p>Colores blanco, beige o gris<\/p>\n<p>[\/et_pb_text][et_pb_text admin_label=\u00bbNombre\u00bb _builder_version=\u00bb4.16&#8243; text_orientation=\u00bbcenter\u00bb global_colors_info=\u00bb{}\u00bb]<\/p>\n<p>Sin malla transpirable<\/p>\n<p>[\/et_pb_text][et_pb_image src=\u00bbhttps:\/\/decoratel-textilhospital.com\/es\/wp-content\/uploads\/sites\/5\/2019\/12\/deluxe-1.jpg\u00bb url=\u00bbhttps:\/\/decoratel-textilhospital.com\/es\/producto\/modelo-estandar\/\u00bb _builder_version=\u00bb4.21.0&#8243; global_colors_info=\u00bb{}\u00bb][\/et_pb_image][et_pb_text admin_label=\u00bbPrecio y envio\u00bb _builder_version=\u00bb4.16&#8243; text_orientation=\u00bbcenter\u00bb global_colors_info=\u00bb{}\u00bb]<precio>115\u20ac<\/precio> env\u00edo gratis<br \/>\nEntrega en 24 horas[\/et_pb_text][et_pb_button button_url=\u00bbhttps:\/\/decoratel-textilhospital.com\/es\/producto\/modelo-estandar\/\u00bb button_text=\u00bbComprar\u00bb button_alignment=\u00bbcenter\u00bb _builder_version=\u00bb4.21.0&#8243; custom_button=\u00bbon\u00bb button_text_color=\u00bb#000000&#8243; button_bg_use_color_gradient=\u00bbon\u00bb button_bg_color_gradient_stops=\u00bb#ffca00 46%|#ff8c00 100%\u00bb button_bg_color_gradient_start=\u00bb#ffca00&#8243; button_bg_color_gradient_start_position=\u00bb46%\u00bb button_bg_color_gradient_end=\u00bb#ff8c00&#8243; button_border_width=\u00bb1px\u00bb button_border_color=\u00bb#f57b1f\u00bb button_border_radius=\u00bb10px\u00bb button_font=\u00bb|700|||||||\u00bb button_icon=\u00bb&#x24;||divi||400&#8243; button_icon_placement=\u00bbleft\u00bb global_colors_info=\u00bb{}\u00bb][\/et_pb_button][et_pb_image src=\u00bbhttps:\/\/decoratel-textilhospital.com\/es\/wp-content\/uploads\/sites\/5\/2019\/12\/logo-pagos.png\u00bb align=\u00bbcenter\u00bb admin_label=\u00bbLogos pago\u00bb _builder_version=\u00bb4.16&#8243; width=\u00bb65%\u00bb global_colors_info=\u00bb{}\u00bb][\/et_pb_image][\/et_pb_column][et_pb_column type=\u00bb1_4&#8243; _builder_version=\u00bb4.16&#8243; custom_padding=\u00bb40px|25px|40px|25px|true|true\u00bb border_width_all=\u00bb2px\u00bb border_color_all=\u00bb#008080&#8243; global_colors_info=\u00bb{}\u00bb custom_padding__hover=\u00bb|||\u00bb][et_pb_text admin_label=\u00bbNombre\u00bb _builder_version=\u00bb4.21.0&#8243; text_orientation=\u00bbcenter\u00bb custom_margin=\u00bb||5px||false|false\u00bb global_colors_info=\u00bb{}\u00bb]<\/p>\n<p><strong>Mod. Deluxe<\/strong><\/p>\n<p>[\/et_pb_text][et_pb_text admin_label=\u00bbNombre\u00bb _builder_version=\u00bb4.21.0&#8243; text_orientation=\u00bbcenter\u00bb custom_margin=\u00bb||5px||false|false\u00bb global_colors_info=\u00bb{}\u00bb]<\/p>\n<p>Color blanco<\/p>\n<p>[\/et_pb_text][et_pb_text admin_label=\u00bbNombre\u00bb _builder_version=\u00bb4.16&#8243; text_orientation=\u00bbcenter\u00bb global_colors_info=\u00bb{}\u00bb]<\/p>\n<p>Con malla transpirable<\/p>\n<p>[\/et_pb_text][et_pb_image src=\u00bbhttps:\/\/decoratel-textilhospital.com\/es\/wp-content\/uploads\/sites\/5\/2019\/12\/estandar-1.jpg\u00bb url=\u00bbhttps:\/\/decoratel-textilhospital.com\/es\/producto\/modelo-deluxe\/\u00bb _builder_version=\u00bb4.21.0&#8243; global_colors_info=\u00bb{}\u00bb][\/et_pb_image][et_pb_text admin_label=\u00bbPrecio y envio\u00bb _builder_version=\u00bb4.21.0&#8243; text_orientation=\u00bbcenter\u00bb hover_enabled=\u00bb0&#8243; global_colors_info=\u00bb{}\u00bb sticky_enabled=\u00bb0&#8243;]<\/p>\n<p><precio>149\u20ac<\/precio> env\u00edo gratis<br \/>Entrega 5\/10 d\u00edas<\/p>\n<p>[\/et_pb_text][et_pb_button button_url=\u00bbhttps:\/\/decoratel-textilhospital.com\/es\/producto\/modelo-deluxe\/\u00bb button_text=\u00bbComprar\u00bb button_alignment=\u00bbcenter\u00bb _builder_version=\u00bb4.21.0&#8243; custom_button=\u00bbon\u00bb button_text_color=\u00bb#000000&#8243; button_bg_use_color_gradient=\u00bbon\u00bb button_bg_color_gradient_stops=\u00bb#ffca00 46%|#ff8c00 100%\u00bb button_bg_color_gradient_start=\u00bb#ffca00&#8243; button_bg_color_gradient_start_position=\u00bb46%\u00bb button_bg_color_gradient_end=\u00bb#ff8c00&#8243; button_border_width=\u00bb1px\u00bb button_border_color=\u00bb#f57b1f\u00bb button_border_radius=\u00bb10px\u00bb button_font=\u00bb|700|||||||\u00bb button_icon=\u00bb&#x24;||divi||400&#8243; button_icon_placement=\u00bbleft\u00bb global_colors_info=\u00bb{}\u00bb][\/et_pb_button][et_pb_image src=\u00bbhttps:\/\/decoratel-textilhospital.com\/es\/wp-content\/uploads\/sites\/5\/2019\/12\/logo-pagos.png\u00bb align=\u00bbcenter\u00bb admin_label=\u00bbLogos pago\u00bb _builder_version=\u00bb4.16&#8243; width=\u00bb65%\u00bb global_colors_info=\u00bb{}\u00bb][\/et_pb_image][\/et_pb_column][et_pb_column type=\u00bb1_4&#8243; _builder_version=\u00bb4.21.0&#8243; custom_padding=\u00bb|0px|40px|0px|false|true\u00bb border_width_all=\u00bb2px\u00bb border_color_all=\u00bb#008080&#8243; global_colors_info=\u00bb{}\u00bb custom_padding__hover=\u00bb|||\u00bb][et_pb_text admin_label=\u00bbNombre\u00bb _builder_version=\u00bb4.21.0&#8243; text_text_color=\u00bb#FFFFFF\u00bb background_color=\u00bb#008080&#8243; text_orientation=\u00bbcenter\u00bb custom_margin=\u00bb||0px||false|false\u00bb custom_padding=\u00bb20px|0px|20px|0px|false|false\u00bb global_colors_info=\u00bb{}\u00bb]<\/p>\n<p><strong>Cortinas de ba\u00f1o<\/strong><\/p>\n<p>[\/et_pb_text][et_pb_image src=\u00bbhttps:\/\/decoratel-textilhospital.com\/es\/wp-content\/uploads\/sites\/5\/2024\/01\/cortinas-shower-decoratel.jpg\u00bb title_text=\u00bbcortinas-shower-decoratel\u00bb url=\u00bbhttps:\/\/decoratel-textilhospital.com\/es\/cortinas-bano\/\u00bb align=\u00bbcenter\u00bb _builder_version=\u00bb4.21.0&#8243; min_height=\u00bb375px\u00bb min_height_tablet=\u00bb350px\u00bb min_height_phone=\u00bb370px\u00bb min_height_last_edited=\u00bbon|phone\u00bb global_colors_info=\u00bb{}\u00bb][\/et_pb_image][et_pb_text admin_label=\u00bbPrecio y envio\u00bb _builder_version=\u00bb4.21.0&#8243; text_font=\u00bb|700||on|||||\u00bb text_font_size=\u00bb30px\u00bb text_orientation=\u00bbcenter\u00bb link_option_url=\u00bbhttps:\/\/decoratel-textilhospital.com\/es\/cortinas-bano\/\u00bb global_colors_info=\u00bb{}\u00bb]<\/p>\n<p>Cat\u00e1logo<\/p>\n<p>[\/et_pb_text][\/et_pb_column][\/et_pb_row][\/et_pb_section]<\/p>\n","protected":false},"excerpt":{"rendered":"<p>Cortinas para hospitalesMod. Acorde\u00f3nColor azulTejido TST desechable89\u20ac env\u00edo gratis Entrega 2\/3 d\u00edasMod. Est\u00e1ndarColores blanco, beige o grisSin malla transpirable115\u20ac env\u00edo gratis Entrega en 24 horasMod. DeluxeColor blancoCon malla transpirable149\u20ac env\u00edo gratisEntrega 5\/10 d\u00edasCortinas de ba\u00f1oCat\u00e1logo<\/p>\n","protected":false},"author":2,"featured_media":0,"parent":0,"menu_order":0,"comment_status":"closed","ping_status":"closed","template":"","meta":{"_et_pb_use_builder":"on","_et_pb_old_content":"","_et_gb_content_width":"","_joinchat":[],"footnotes":""},"class_list":["post-4","page","type-page","status-publish","hentry"],"_links":{"self":[{"href":"https:\/\/decoratel-textilhospital.com\/es\/wp-json\/wp\/v2\/pages\/4","targetHints":{"allow":["GET"]}}],"collection":[{"href":"https:\/\/decoratel-textilhospital.com\/es\/wp-json\/wp\/v2\/pages"}],"about":[{"href":"https:\/\/decoratel-textilhospital.com\/es\/wp-json\/wp\/v2\/types\/page"}],"author":[{"embeddable":true,"href":"https:\/\/decoratel-textilhospital.com\/es\/wp-json\/wp\/v2\/users\/2"}],"replies":[{"embeddable":true,"href":"https:\/\/decoratel-textilhospital.com\/es\/wp-json\/wp\/v2\/comments?post=4"}],"version-history":[{"count":12,"href":"https:\/\/decoratel-textilhospital.com\/es\/wp-json\/wp\/v2\/pages\/4\/revisions"}],"predecessor-version":[{"id":524,"href":"https:\/\/decoratel-textilhospital.com\/es\/wp-json\/wp\/v2\/pages\/4\/revisions\/524"}],"wp:attachment":[{"href":"https:\/\/decoratel-textilhospital.com\/es\/wp-json\/wp\/v2\/media?parent=4"}],"curies":[{"name":"wp","href":"https:\/\/api.w.org\/{rel}","templated":true}]}}