{"id":462,"date":"2024-01-25T14:24:33","date_gmt":"2024-01-25T13:24:33","guid":{"rendered":"https:\/\/decoratel-textilhospital.com\/es\/?page_id=462"},"modified":"2024-01-25T14:33:03","modified_gmt":"2024-01-25T13:33:03","slug":"oeko-tex","status":"publish","type":"page","link":"https:\/\/decoratel-textilhospital.com\/es\/oeko-tex\/","title":{"rendered":"OEKO-TEX"},"content":{"rendered":"<p>[et_pb_section fb_built=\u00bb1&#8243; admin_label=\u00bbsection\u00bb _builder_version=\u00bb4.16&#8243; custom_padding=\u00bb70px||151px|||\u00bb global_colors_info=\u00bb{}\u00bb][et_pb_row admin_label=\u00bbrow\u00bb _builder_version=\u00bb4.21.0&#8243; background_size=\u00bbinitial\u00bb background_position=\u00bbtop_left\u00bb background_repeat=\u00bbrepeat\u00bb max_width=\u00bb1500px\u00bb hover_enabled=\u00bb0&#8243; global_colors_info=\u00bb{}\u00bb border_width_all=\u00bb1px\u00bb border_color_all=\u00bb#dddddd\u00bb box_shadow_style=\u00bbpreset1&#8243; box_shadow_color=\u00bbrgba(0,0,0,0.1)\u00bb sticky_enabled=\u00bb0&#8243;][et_pb_column type=\u00bb4_4&#8243; _builder_version=\u00bb4.16&#8243; custom_padding=\u00bb40px|25px|40px|25px|true|true\u00bb global_colors_info=\u00bb{}\u00bb custom_padding__hover=\u00bb|||\u00bb][et_pb_text admin_label=\u00bbPrecio y envio\u00bb _builder_version=\u00bb4.21.0&#8243; header_font=\u00bb|600|||||||\u00bb header_text_align=\u00bbcenter\u00bb text_orientation=\u00bbjustified\u00bb header_font_size_tablet=\u00bb28px\u00bb header_font_size_phone=\u00bb26px\u00bb header_font_size_last_edited=\u00bbon|phone\u00bb global_colors_info=\u00bb{}\u00bb]<\/p>\n<h1>OEKO-TEX\u00ae: CERTIFICACI\u00d3N DE TEXTILES LIBRES DE SUSTANCIAS NOCIVAS<\/h1>\n<p>[\/et_pb_text][et_pb_text admin_label=\u00bbPrecio y envio\u00bb _builder_version=\u00bb4.21.0&#8243; text_orientation=\u00bbjustified\u00bb global_colors_info=\u00bb{}\u00bb]<\/p>\n<p>OEKO-TEX\u00ae es una certificaci\u00f3n internacional reconocida que garantiza que los textiles han sido sometidos a rigurosos controles para asegurar que est\u00e9n libres de sustancias nocivas para la salud.<\/p>\n<p>La certificaci\u00f3n OEKO-TEX\u00ae ofrece una serie de beneficios tanto para los fabricantes como para los consumidores de las cortinas de ba\u00f1o ignifugas:<\/p>\n<p><strong>Salud y seguridad:<\/strong> Los productos certificados OEKO-TEX\u00ae est\u00e1n libres de sustancias nocivas, lo que garantiza la seguridad y protecci\u00f3n de la salud de los usuarios.<\/p>\n<p><strong>Transparencia:<\/strong> La certificaci\u00f3n OEKO-TEX\u00ae proporciona informaci\u00f3n clara y transparente sobre la calidad y seguridad de los textiles empleado en sus cortinas de ba\u00f1o ignifugas, permitiendo as\u00ed a los consumidores tomar decisiones informadas al realizar sus compras.<\/p>\n<p><strong>Confianza del consumidor:<\/strong> La etiqueta OEKO-TEX\u00ae en un producto transmite confianza y tranquilidad al consumidor de las cortinas de ba\u00f1o, ya que garantiza que el producto ha sido probado y evaluado de manera independiente por laboratorios homologados a tal efecto.<\/p>\n<p><strong>Sostenibilidad:<\/strong> OEKO-TEX\u00ae eval\u00faa tambi\u00e9n el impacto ambiental de los textiles, promoviendo pr\u00e1cticas sostenibles en la producci\u00f3n y el uso responsable de los recursos.<\/p>\n<p><strong>Requisitos legales y normativos:<\/strong> La certificaci\u00f3n OEKO-TEX\u00ae va m\u00e1s all\u00e1 de los requisitos legales y normativos establecidos, garantizando un est\u00e1ndar m\u00e1s alto de calidad y seguridad, que aporta un valor a\u00f1adido a sus cortinas.<\/p>\n<p>[\/et_pb_text][\/et_pb_column][\/et_pb_row][\/et_pb_section]<\/p>\n","protected":false},"excerpt":{"rendered":"<p>OEKO-TEX\u00ae: CERTIFICACI\u00d3N DE TEXTILES LIBRES DE SUSTANCIAS NOCIVASOEKO-TEX\u00ae es una certificaci\u00f3n internacional reconocida que garantiza que los textiles han sido sometidos a rigurosos controles para asegurar que est\u00e9n libres de sustancias nocivas para la salud. La certificaci\u00f3n OEKO-TEX\u00ae ofrece una serie de beneficios tanto para los fabricantes como para los consumidores de las cortinas de [&hellip;]<\/p>\n","protected":false},"author":2,"featured_media":0,"parent":0,"menu_order":0,"comment_status":"closed","ping_status":"closed","template":"","meta":{"_et_pb_use_builder":"on","_et_pb_old_content":"","_et_gb_content_width":"","_joinchat":[],"footnotes":""},"class_list":["post-462","page","type-page","status-publish","hentry"],"_links":{"self":[{"href":"https:\/\/decoratel-textilhospital.com\/es\/wp-json\/wp\/v2\/pages\/462","targetHints":{"allow":["GET"]}}],"collection":[{"href":"https:\/\/decoratel-textilhospital.com\/es\/wp-json\/wp\/v2\/pages"}],"about":[{"href":"https:\/\/decoratel-textilhospital.com\/es\/wp-json\/wp\/v2\/types\/page"}],"author":[{"embeddable":true,"href":"https:\/\/decoratel-textilhospital.com\/es\/wp-json\/wp\/v2\/users\/2"}],"replies":[{"embeddable":true,"href":"https:\/\/decoratel-textilhospital.com\/es\/wp-json\/wp\/v2\/comments?post=462"}],"version-history":[{"count":4,"href":"https:\/\/decoratel-textilhospital.com\/es\/wp-json\/wp\/v2\/pages\/462\/revisions"}],"predecessor-version":[{"id":468,"href":"https:\/\/decoratel-textilhospital.com\/es\/wp-json\/wp\/v2\/pages\/462\/revisions\/468"}],"wp:attachment":[{"href":"https:\/\/decoratel-textilhospital.com\/es\/wp-json\/wp\/v2\/media?parent=462"}],"curies":[{"name":"wp","href":"https:\/\/api.w.org\/{rel}","templated":true}]}}