{"id":52,"date":"2019-12-19T13:38:44","date_gmt":"2019-12-19T13:38:44","guid":{"rendered":"https:\/\/decoratel-textilhospital.com\/es\/?page_id=52"},"modified":"2019-12-19T13:38:44","modified_gmt":"2019-12-19T13:38:44","slug":"videos-instalacion","status":"publish","type":"page","link":"https:\/\/decoratel-textilhospital.com\/es\/videos-instalacion\/","title":{"rendered":"V\u00eddeos instalaci\u00f3n"},"content":{"rendered":"<p>[et_pb_section fb_built=\u00bb1&#8243; admin_label=\u00bbsection\u00bb _builder_version=\u00bb3.22&#8243; custom_padding=\u00bb||35px|||\u00bb][et_pb_row admin_label=\u00bbrow\u00bb _builder_version=\u00bb3.29.3&#8243; background_size=\u00bbinitial\u00bb background_position=\u00bbtop_left\u00bb background_repeat=\u00bbrepeat\u00bb max_width=\u00bb1500px\u00bb custom_padding=\u00bb0px||0px||false|false\u00bb][et_pb_column type=\u00bb4_4&#8243; _builder_version=\u00bb3.29.3&#8243; custom_padding=\u00bb40px|25px|40px|25px|true|true\u00bb custom_padding__hover=\u00bb|||\u00bb][et_pb_text admin_label=\u00bbPrecio y envio\u00bb _builder_version=\u00bb3.29.3&#8243; header_font=\u00bb|600|||||||\u00bb header_text_align=\u00bbcenter\u00bb text_orientation=\u00bbjustified\u00bb]<\/p>\n<h1>Instalar las cortinas Curtatex es realmente sencillo<\/h1>\n<p>[\/et_pb_text][\/et_pb_column][\/et_pb_row][et_pb_row column_structure=\u00bb1_3,1_3,1_3&#8243; admin_label=\u00bbrow\u00bb _builder_version=\u00bb3.29.3&#8243; background_size=\u00bbinitial\u00bb background_position=\u00bbtop_left\u00bb background_repeat=\u00bbrepeat\u00bb max_width=\u00bb1500px\u00bb][et_pb_column type=\u00bb1_3&#8243; _builder_version=\u00bb3.29.3&#8243; custom_padding=\u00bb40px|25px|40px|25px|true|true\u00bb custom_padding__hover=\u00bb|||\u00bb][et_pb_text admin_label=\u00bbNombre\u00bb _builder_version=\u00bb3.29.3&#8243; text_orientation=\u00bbcenter\u00bb]<strong>Formato \u00abi\u00bb<\/strong><br \/>\nIndividual recta[\/et_pb_text][et_pb_code _builder_version=\u00bb3.29.3&#8243;]<iframe loading=\"lazy\" title=\"YouTube video player\" src=\"https:\/\/www.youtube.com\/embed\/b65EOVFII5M?rel=0&#038;\" width=\"420\" height=\"236\" frameborder=\"0\" allowfullscreen=\"allowfullscreen\"><\/iframe>[\/et_pb_code][\/et_pb_column][et_pb_column type=\u00bb1_3&#8243; _builder_version=\u00bb3.29.3&#8243; custom_padding=\u00bb40px|25px|40px|25px|true|true\u00bb custom_padding__hover=\u00bb|||\u00bb][et_pb_text admin_label=\u00bbNombre\u00bb _builder_version=\u00bb3.29.3&#8243; text_orientation=\u00bbcenter\u00bb]<strong>Formato \u00abL\u00bb<\/strong><br \/>\nEn forma en L[\/et_pb_text][et_pb_code _builder_version=\u00bb3.29.3&#8243;]<iframe loading=\"lazy\" title=\"YouTube video player\" src=\"https:\/\/www.youtube.com\/embed\/Fdj0miKOZg0?rel=0&#038;\" width=\"420\" height=\"236\" frameborder=\"0\" allowfullscreen=\"allowfullscreen\"><\/iframe>[\/et_pb_code][\/et_pb_column][et_pb_column type=\u00bb1_3&#8243; _builder_version=\u00bb3.29.3&#8243; custom_padding=\u00bb40px|25px|40px|25px|true|true\u00bb custom_padding__hover=\u00bb|||\u00bb][et_pb_text admin_label=\u00bbNombre\u00bb _builder_version=\u00bb3.29.3&#8243; text_orientation=\u00bbcenter\u00bb]<strong>Fromato \u00abU\u00bb<\/strong><br \/>\nEn forma de U[\/et_pb_text][et_pb_code _builder_version=\u00bb3.29.3&#8243;]<iframe loading=\"lazy\" title=\"YouTube video player\" src=\"https:\/\/www.youtube.com\/embed\/uQ06THJRLyo?rel=0&#038;\" width=\"420\" height=\"236\" frameborder=\"0\" allowfullscreen=\"allowfullscreen\"><\/iframe>[\/et_pb_code][\/et_pb_column][\/et_pb_row][\/et_pb_section][et_pb_section fb_built=\u00bb1&#8243; admin_label=\u00bbsection\u00bb _builder_version=\u00bb4.0.2&#8243; custom_padding=\u00bb10px||10px||false|false\u00bb][et_pb_row admin_label=\u00bbrow\u00bb _builder_version=\u00bb4.0.2&#8243; background_size=\u00bbinitial\u00bb background_position=\u00bbtop_left\u00bb background_repeat=\u00bbrepeat\u00bb max_width=\u00bb1500px\u00bb custom_padding=\u00bb10px||||false|false\u00bb][et_pb_column type=\u00bb4_4&#8243; _builder_version=\u00bb3.29.3&#8243; custom_padding=\u00bb40px|25px|40px|25px|true|true\u00bb custom_padding__hover=\u00bb|||\u00bb][et_pb_text admin_label=\u00bbPrecio y envio\u00bb _builder_version=\u00bb4.0.2&#8243; header_font=\u00bb|600|||||||\u00bb header_text_align=\u00bbcenter\u00bb header_2_font=\u00bb|600|||||||\u00bb header_2_text_align=\u00bbcenter\u00bb text_orientation=\u00bbjustified\u00bb custom_margin=\u00bb||30px|||\u00bb]<\/p>\n<h2>Cortinas hospitalarias Curtatex<\/h2>\n<p>[\/et_pb_text][et_pb_text admin_label=\u00bbPrecio y envio\u00bb _builder_version=\u00bb3.29.3&#8243; text_orientation=\u00bbjustified\u00bb]<\/p>\n<p>Las cortinas hospitalarias Curtatex, cumplen con todas las normativas de seguridad preventiva contra incendios, estando certificadas como ign\u00edfugas M1 y Clase1. Adem\u00e1s de cumplir con los requisitos de seguridad contra incendios, cumplen con las actuales normativas europeas de sanidad gracias a su fabricaci\u00f3n con fibras Bioactive, que le confieren caracter\u00edsticas antibacteriana, fungicida, desodorante y anti \u00e1caros. Todas nuestras cortinas Curtatex est\u00e1n homologadas seg\u00fan normas UNE e ISO 9001.<\/p>\n<p>El uso de las cortinas Curtatex, est\u00e1 restringido e indicado exclusivamente para el sector sanitario. Tales como hospitales, cl\u00ednicas y ambulatorios, adem\u00e1s de fisioterapia entre otros. Pudiendo ser usadas como separaci\u00f3n de camas de hospitales, quir\u00f3fanos, UCI, salas de observaci\u00f3n, salas de yeso y urgencias.<\/p>\n<p>[\/et_pb_text][\/et_pb_column][\/et_pb_row][\/et_pb_section]<\/p>\n","protected":false},"excerpt":{"rendered":"<p>Instalar las cortinas Curtatex es realmente sencilloFormato \u00abi\u00bb Individual rectaFormato \u00abL\u00bb En forma en LFromato \u00abU\u00bb En forma de UCortinas hospitalarias CurtatexLas cortinas hospitalarias Curtatex, cumplen con todas las normativas de seguridad preventiva contra incendios, estando certificadas como ign\u00edfugas M1 y Clase1. Adem\u00e1s de cumplir con los requisitos de seguridad contra incendios, cumplen con las [&hellip;]<\/p>\n","protected":false},"author":2,"featured_media":0,"parent":0,"menu_order":0,"comment_status":"closed","ping_status":"closed","template":"","meta":{"_et_pb_use_builder":"on","_et_pb_old_content":"","_et_gb_content_width":"","_joinchat":[],"footnotes":""},"class_list":["post-52","page","type-page","status-publish","hentry"],"_links":{"self":[{"href":"https:\/\/decoratel-textilhospital.com\/es\/wp-json\/wp\/v2\/pages\/52","targetHints":{"allow":["GET"]}}],"collection":[{"href":"https:\/\/decoratel-textilhospital.com\/es\/wp-json\/wp\/v2\/pages"}],"about":[{"href":"https:\/\/decoratel-textilhospital.com\/es\/wp-json\/wp\/v2\/types\/page"}],"author":[{"embeddable":true,"href":"https:\/\/decoratel-textilhospital.com\/es\/wp-json\/wp\/v2\/users\/2"}],"replies":[{"embeddable":true,"href":"https:\/\/decoratel-textilhospital.com\/es\/wp-json\/wp\/v2\/comments?post=52"}],"version-history":[{"count":1,"href":"https:\/\/decoratel-textilhospital.com\/es\/wp-json\/wp\/v2\/pages\/52\/revisions"}],"predecessor-version":[{"id":53,"href":"https:\/\/decoratel-textilhospital.com\/es\/wp-json\/wp\/v2\/pages\/52\/revisions\/53"}],"wp:attachment":[{"href":"https:\/\/decoratel-textilhospital.com\/es\/wp-json\/wp\/v2\/media?parent=52"}],"curies":[{"name":"wp","href":"https:\/\/api.w.org\/{rel}","templated":true}]}}